{"id":573,"date":"2023-05-07T13:50:12","date_gmt":"2023-05-07T11:50:12","guid":{"rendered":"https:\/\/ibermedianext.com\/politica-de-privacidad\/"},"modified":"2023-06-02T14:42:30","modified_gmt":"2023-06-02T12:42:30","slug":"politica-de-privacidad","status":"publish","type":"page","link":"https:\/\/ibermedianext.com\/pt-pt\/politica-de-privacidad\/","title":{"rendered":"Pol\u00edtica de privacidad"},"content":{"rendered":"\n<h2 class=\"wp-block-heading\">1. INFORMACI\u00d3N AL USUARIO<\/h2>\n\n\n\n<p><strong>\u00bfQui\u00e9n es el responsable del tratamiento de tus datos personales?<\/strong><\/p>\n\n\n\n<p>Conferencia de Autoridades Cinematogr\u00e1ficas de Iberoam\u00e9rica \u2013 Programa Ibermedia\u00a0(en adelante \u201cC.A.A.C.I. \u2013 Programa Ibermedia\u201d), Responsable del tratamiento de los datos personales, le informa de que sus datos ser\u00e1n tratados de conformidad con lo dispuesto en el Reglamento (UE) 2016\/679, de 27 de abril\u00a0(RGPD), y la Ley Org\u00e1nica 3\/2018,\u00a0de 5 de diciembre\u00a0(LOPDGDD).<\/p>\n\n\n\n<p><strong>\u00bfPara qu\u00e9 se tratan sus datos personales y con qu\u00e9 motivo?<\/strong><\/p>\n\n\n\n<p>Seg\u00fan el formulario donde hayamos obtenido sus datos personales, los trataremos de manera confidencial para alcanzar los siguientes fines:<\/p>\n\n\n\n<p>En el formulario <strong>Contacto<\/strong><\/p>\n\n\n\n<ul class=\"wp-block-list\">\n<li>Dar respuesta a las consultas o cualquier tipo de petici\u00f3n que sea realizada por el usuario a trav\u00e9s de cualquiera de las formas de contacto que se ponen a su disposici\u00f3n en la p\u00e1gina web del responsable.<br>(Legitimaci\u00f3n: por el inter\u00e9s leg\u00edtimo del responsable, art. 6.1.f GDPR)<\/li>\n\n\n\n<li>Enviar comunicaciones informativas y comerciales por e-mail, , redes sociales o cualquier otro medio electr\u00f3nico o f\u00edsico, presente o futuro, que posibilite realizar comunicaciones. Estas comunicaciones ser\u00e1n relacionadas con las actividades y sector de C.A.A.C.I. \u2013 Programa Ibermedia.<br>(Legitimaci\u00f3n: por el consentimiento del interesado, 6.1.a GDPR)<\/li>\n\n\n\n<li>Realizar an\u00e1lisis estad\u00edsticos y estudios de mercado.<br>(Legitimaci\u00f3n: por el inter\u00e9s leg\u00edtimo del responsable, art. 6.1.f GDPR)<br><\/li>\n<\/ul>\n\n\n\n<p>En el formulario <strong>Newsletter<\/strong><\/p>\n\n\n\n<ul class=\"wp-block-list\">\n<li>Remitir boletines informativos del sector de la animaci\u00f3n y las actividades de C.A.A.C.I. \u2013 Programa Ibermedia.<br>(Legitimaci\u00f3n: <em>por el consentimiento del interesado, 6.1.a GDPR<\/em>)<\/li>\n<\/ul>\n\n\n\n<p>En el formulario <strong>Registro como usuario de la plataforma de matchamaking Ibermedia Next Plaza.<\/strong><\/p>\n\n\n\n<ul class=\"wp-block-list\">\n<li>Gestionar la cuenta del usuario y proporcionarle un acceso personalizado a la plataforma de matchmaking Ibermedia Next Plaza y facilitarle el uso del servicio.<\/li>\n\n\n\n<li>Gestionar la convocatoria &nbsp;conforme a las bases publicadas en <a href=\"https:\/\/ibermedianext.com\/wp-content\/uploads\/2023\/05\/IBERMEDIA_Bases_ESP_v5.pdf\">https:\/\/ibermedianext.com\/wp-content\/uploads\/2023\/05\/IBERMEDIA_Bases_ESP_v5.pdf<\/a><br>(Legitimaci\u00f3n: <em>el tratamiento, comunicaci\u00f3n de los datos y transferencia internacional es necesaria para la ejecuci\u00f3n del contrato por el servicio prestado a trav\u00e9s de la plataforma, 6.1.b y 49.1 de GDPR<\/em>).<\/li>\n<\/ul>\n\n\n\n<p><strong>\u00bfDurante cu\u00e1nto tiempo se conservar\u00e1n sus datos personales?<\/strong><\/p>\n\n\n\n<p>Se conservar\u00e1n durante no m\u00e1s tiempo del necesario para mantener el fin del tratamiento o existan prescripciones legales que dictaminen su custodia y cuando ya no sea necesario para ello,\u00a0se suprimir\u00e1n con medidas de seguridad adecuadas para garantizar la anonimizaci\u00f3n de los datos o la destrucci\u00f3n total de los mismos.<\/p>\n\n\n\n<p><strong>\u00bfA qui\u00e9n se facilitar\u00e1n sus datos personales?<\/strong><\/p>\n\n\n\n<p>Dada la finalidad y naturaleza de la plataforma Ibermedia Next Plaza, los datos de los usuarios registrados, que estos faciliten durante el registro y utilizaci\u00f3n de la plataforma, tales como: Nombre completo, correo electr\u00f3nico, pa\u00eds, curr\u00edculum vitae, v\u00eddeos y porfolio, y similares, ser\u00e1n accesibles para el resto de los usuarios de la plataforma.<\/p>\n\n\n\n<p>Sin perjuicio de lo anterior, no est\u00e1 prevista ninguna comunicaci\u00f3n de datos personales a terceros salvo, si fuese necesario para el desarrollo y ejecuci\u00f3n de las finalidades del tratamiento, a nuestros proveedores de servicios relacionados con comunicaciones, con los cuales se han suscrito los contratos de confidencialidad y de encargado de tratamiento exigidos por la normativa vigente de privacidad.<\/p>\n\n\n\n<p><strong>Transferencia Internacional de los datos:\u00a0<\/strong>dada la naturaleza y el objeto del programa Ibermedia, los datos ser\u00e1n accesibles por el Comit\u00e9 de Evaluaci\u00f3n, los diferentes miembros del jurado y autoridades cinematogr\u00e1ficas latinoamericanas, lo que supone, dependiendo del pa\u00eds de destino de los datos, la transferencia internacional de los datos a terceros pa\u00edses cuya legislaci\u00f3n en materia de protecci\u00f3n de datos no otorga los mismos derechos y nivel de protecci\u00f3n que en la UE. Estos tratamientos y comunicaciones transfronterizos se realizar\u00e1n incluso sin la existencia de decisi\u00f3n de adecuaci\u00f3n de la CE o Garant\u00edas Adecuadas en los casos en que sea necesario para la prestaci\u00f3n del servicio. Puede solicitar m\u00e1s informaci\u00f3n a trav\u00e9s del correo electr\u00f3nico info@ibermedianext.com.<\/p>\n\n\n\n<p><strong>\u00bfCu\u00e1les son sus derechos?<\/strong><\/p>\n\n\n\n<p>Los derechos que asisten al USUARIO son:<\/p>\n\n\n\n<ul class=\"wp-block-list\">\n<li>Derecho a retirar el consentimiento en cualquier momento.<\/li>\n\n\n\n<li>Derecho de acceso, rectificaci\u00f3n, portabilidad y supresi\u00f3n de sus datos, y de limitaci\u00f3n u oposici\u00f3n a su tratamiento.<\/li>\n\n\n\n<li>Derecho a presentar una reclamaci\u00f3n ante la autoridad de control (www.aepd.es) si&nbsp;considera que el tratamiento no se ajusta a la normativa vigente.<\/li>\n<\/ul>\n\n\n\n<p><strong>Datos de contacto para ejercer sus derechos:<\/strong><\/p>\n\n\n\n<p>Direcci\u00f3n postal: C.A.A.C.I. \u2013 Programa Ibermedia \/ C\/ Magdalena, 10. 28012. Madrid.&nbsp;<\/p>\n\n\n\n<p>Direcci\u00f3n electr\u00f3nica: info@ibermedianext.com<\/p>\n\n\n\n<h2 class=\"wp-block-heading\">CAR\u00c1CTER OBLIGATORIO O FACULTATIVO DE LA INFORMACI\u00d3N FACILITADA POR EL USUARIO<\/h2>\n\n\n\n<p>Los usuarios, mediante la marcaci\u00f3n de las casillas correspondientes y la entrada de datos en los campos, marcados con un asterisco (*) en el formulario de contacto o presentados en formularios de descarga, aceptan expresamente y de forma libre e inequ\u00edvoca, que sus datos son necesarios para atender su petici\u00f3n, por parte del prestador, siendo voluntaria la inclusi\u00f3n de datos en los campos restantes. El usuario garantiza que los datos personales son veraces y se hace responsable de comunicar cualquier modificaci\u00f3n de los mismos. &nbsp;<\/p>\n\n\n\n<p>Todos los datos solicitados a trav\u00e9s del sitio web son obligatorios, ya que son necesarios para la prestaci\u00f3n de un servicio \u00f3ptimo. En caso de que no se faciliten todos los datos, no se garantiza que la informaci\u00f3n y servicios facilitados sean completamente ajustados a sus necesidades.<\/p>\n\n\n\n<h2 class=\"wp-block-heading\">MEDIDAS DE SEGURIDAD<\/h2>\n\n\n\n<p>Que de conformidad con lo dispuesto en las normativas vigentes en protecci\u00f3n de datos personales, C.A.A.C.I. \u2013 PROGRAMA IBERMEDIA cumple con todas las disposiciones de las normativas RGPD y LOPDGDD para&nbsp;el tratamiento de los datos personales de su responsabilidad, y manifiestamente con los principios descritos en el art\u00edculo 5 del RGPD, por los cuales son tratados de manera l\u00edcita, leal y transparente en relaci\u00f3n con el interesado y adecuados, pertinentes y limitados a lo necesario en relaci\u00f3n con los fines para los que son tratados.<\/p>\n\n\n\n<p>Se han implementado pol\u00edticas t\u00e9cnicas y organizativas apropiadas para aplicar las medidas de seguridad que establecen el RGPD y la LOPDGDD con el fin de proteger los derechos y libertades de los usuarios y les ha comunicado la informaci\u00f3n adecuada para que puedan ejercerlos.<\/p>\n","protected":false},"excerpt":{"rendered":"<p>1. INFORMACI\u00d3N AL USUARIO \u00bfQui\u00e9n es el responsable del tratamiento de tus datos personales? Conferencia de Autoridades Cinematogr\u00e1ficas de Iberoam\u00e9rica \u2013 Programa Ibermedia\u00a0(en adelante \u201cC.A.A.C.I. [&hellip;]<\/p>\n","protected":false},"author":2,"featured_media":0,"parent":0,"menu_order":0,"comment_status":"closed","ping_status":"closed","template":"page-static.php","meta":{"footnotes":""},"class_list":["post-573","page","type-page","status-publish","hentry"],"acf":[],"_links":{"self":[{"href":"https:\/\/ibermedianext.com\/pt-pt\/wp-json\/wp\/v2\/pages\/573","targetHints":{"allow":["GET"]}}],"collection":[{"href":"https:\/\/ibermedianext.com\/pt-pt\/wp-json\/wp\/v2\/pages"}],"about":[{"href":"https:\/\/ibermedianext.com\/pt-pt\/wp-json\/wp\/v2\/types\/page"}],"author":[{"embeddable":true,"href":"https:\/\/ibermedianext.com\/pt-pt\/wp-json\/wp\/v2\/users\/2"}],"replies":[{"embeddable":true,"href":"https:\/\/ibermedianext.com\/pt-pt\/wp-json\/wp\/v2\/comments?post=573"}],"version-history":[{"count":3,"href":"https:\/\/ibermedianext.com\/pt-pt\/wp-json\/wp\/v2\/pages\/573\/revisions"}],"predecessor-version":[{"id":877,"href":"https:\/\/ibermedianext.com\/pt-pt\/wp-json\/wp\/v2\/pages\/573\/revisions\/877"}],"wp:attachment":[{"href":"https:\/\/ibermedianext.com\/pt-pt\/wp-json\/wp\/v2\/media?parent=573"}],"curies":[{"name":"wp","href":"https:\/\/api.w.org\/{rel}","templated":true}]}}