{"id":520,"date":"2023-05-07T13:33:52","date_gmt":"2023-05-07T11:33:52","guid":{"rendered":"https:\/\/ibermedianext.com\/wp\/index.php\/home\/"},"modified":"2025-07-03T07:21:46","modified_gmt":"2025-07-03T05:21:46","slug":"home","status":"publish","type":"page","link":"https:\/\/ibermedianext.com\/pt-pt\/","title":{"rendered":"Home"},"content":{"rendered":"\n\n<div class=\"section section--intro\">\n    <div class=\"deco\">\n        <img decoding=\"async\" src=\"https:\/\/ibermedianext.com\/wp-content\/themes\/ibermedia\/img\/deco-lines.svg\" \/>\n    <\/div>\n    <header>\n        <div class=\"logo-sm\">\n            <img decoding=\"async\" src=\"https:\/\/ibermedianext.com\/wp-content\/themes\/ibermedia\/img\/logo-ibermedia.svg\" alt=\"Ibermedia Next\">\n        <\/div>\n        <div class=\"controls\">\n            <a href=\"#\" class=\"search js--search\">\n                <span>Pesquisar<\/span>\n                <svg width=\"37px\" height=\"36px\" viewBox=\"0 0 37 36\" version=\"1.1\" xmlns=\"http:\/\/www.w3.org\/2000\/svg\" xmlns:xlink=\"http:\/\/www.w3.org\/1999\/xlink\">\n                    <g id=\"\ud83c\udfa8-Design---UI-\" stroke=\"none\" stroke-width=\"1\" fill=\"none\" fill-rule=\"evenodd\">\n                        <g id=\"01HOME-3\" transform=\"translate(-1007.000000, -59.000000)\">\n                            <g id=\"MENU\" transform=\"translate(0.000000, -7.000000)\">\n                                <g id=\"Buscador\" transform=\"translate(997.743652, 54.673828)\">\n                                    <g id=\"Group-48036\" mask=\"url(#mask-2)\">\n                                        <g transform=\"translate(1.782303, 4.680000)\">\n                                            <circle id=\"Ellipse-1\" fill=\"#FFFFFF\" fill-rule=\"nonzero\" opacity=\"0\" cx=\"24.9338474\" cy=\"24.9338474\" r=\"24.9338474\"><\/circle>\n                                            <g id=\"Ellipse-5\" fill-rule=\"evenodd\" stroke-width=\"1\" fill=\"none\" transform=\"translate(9.388283, 8.669080)\">\n                                                <path class=\"svg--color\" d=\"M27.8246249,13.6728647 C27.8246249,17.3286135 26.3647733,20.6492646 23.9867456,23.1024643 C21.4527189,25.7165941 17.8761001,27.3457294 13.9123124,27.3457294 C6.2287542,27.3457294 0,21.2241796 0,13.6728647 C0,6.1215498 6.2287542,0 13.9123124,0 C21.5958707,0 27.8246249,6.1215498 27.8246249,13.6728647 Z\" stroke=\"#FFFFFF\" stroke-width=\"3.14826035\" fill-rule=\"nonzero\"><\/path>\n                                                <line class=\"svg--color\" x1=\"23.9867456\" y1=\"23.1024643\" x2=\"33.5814438\" y2=\"32.5320244\" stroke=\"#FFFFFF\" stroke-width=\"3.14826035\" fill-rule=\"nonzero\"><\/line>\n                                            <\/g>\n                                        <\/g>\n                                    <\/g>\n                                <\/g>\n                            <\/g>\n                        <\/g>\n                    <\/g>\n                <\/svg>\n            <\/a>\n                                        <div class=\"menu js--open-menu\">\n                <span><\/span>\n                <span><\/span>\n            <\/div>\n        <\/div>\n    <\/header>\n    <div class=\"content\">\n        <div class=\"container\">\n            <h1 class=\"txt--highlight\"><p>O IBERMEDIA NEXT promove a incorpora\u00e7\u00e3o das <strong>mais recentes tecnologias<\/strong> em projectos de anima\u00e7\u00e3o ibero-americanos para os tornar mais competitivos.<\/p>\n<\/h1>\n            <div class=\"txt\">\n                <p><p>Descubra os projectos seleccionados em IBERMEDIA NEXT 3.0<\/p>\n<\/p>\n            <\/div>\n        <\/div>\n    <\/div>\n    <footer>\n        <div class=\"inner\">\n            <div class=\"footer--right\">\n                                <a href=\"https:\/\/ibermedianext.com\/pt-pt\/v3\/\" target=\"_blank\" class=\"btn btn--dot\">\n                    <span class=\"dot\"><img decoding=\"async\" src=\"https:\/\/ibermedianext.com\/wp-content\/themes\/ibermedia\/img\/arrow-btn.svg\" \/><\/span>\n                    <span class=\"lbl\">Resolu\u00e7\u00e3o<\/span>\n                <\/a>\n                                <a href=\"https:\/\/ibermedianext.com\/pt-pt\/sobre-ibermedia-next\/\" class=\"btn btn--bordered\">\n                    <span class=\"lbl\">Mais informa\u00e7\u00f5es<\/span>\n                    <img decoding=\"async\" src=\"https:\/\/ibermedianext.com\/wp-content\/themes\/ibermedia\/img\/arrow-btn-white.svg\" \/>\n                <\/a>\n            <\/div>\n        <\/div>\n    <\/footer>\n    <div class=\"steps js--steps\">\n        <img decoding=\"async\" src=\"https:\/\/ibermedianext.com\/wp-content\/themes\/ibermedia\/img\/step1.svg\" \/>\n    <\/div>\n<\/div>\n\n\n\n\n\n<div class=\"section section--intro section--intro_continue\" data-percentage=\"80\" data-centered=\"false\">\n    <div class=\"deco\">\n        <img decoding=\"async\" src=\"https:\/\/ibermedianext.com\/wp-content\/themes\/ibermedia\/img\/deco-lines.svg\" \/>\n    <\/div>\n    <header>\n        <div class=\"logo-sm\">\n            <img decoding=\"async\" src=\"https:\/\/ibermedianext.com\/wp-content\/themes\/ibermedia\/img\/logo-ibermedia.svg\" alt=\"Ibermedia Next\">\n        <\/div>\n        <div class=\"controls\">\n            <a href=\"#\" class=\"search js--search\">\n                <span>Pesquisar<\/span>\n                <svg width=\"37px\" height=\"36px\" viewBox=\"0 0 37 36\" version=\"1.1\" xmlns=\"http:\/\/www.w3.org\/2000\/svg\" xmlns:xlink=\"http:\/\/www.w3.org\/1999\/xlink\">\n                    <g id=\"\ud83c\udfa8-Design---UI-\" stroke=\"none\" stroke-width=\"1\" fill=\"none\" fill-rule=\"evenodd\">\n                        <g id=\"01HOME-3\" transform=\"translate(-1007.000000, -59.000000)\">\n                            <g id=\"MENU\" transform=\"translate(0.000000, -7.000000)\">\n                                <g id=\"Buscador\" transform=\"translate(997.743652, 54.673828)\">\n                                    <g id=\"Group-48036\" mask=\"url(#mask-2)\">\n                                        <g transform=\"translate(1.782303, 4.680000)\">\n                                            <circle id=\"Ellipse-1\" fill=\"#FFFFFF\" fill-rule=\"nonzero\" opacity=\"0\" cx=\"24.9338474\" cy=\"24.9338474\" r=\"24.9338474\"><\/circle>\n                                            <g id=\"Ellipse-5\" fill-rule=\"evenodd\" stroke-width=\"1\" fill=\"none\" transform=\"translate(9.388283, 8.669080)\">\n                                                <path class=\"svg--color\" d=\"M27.8246249,13.6728647 C27.8246249,17.3286135 26.3647733,20.6492646 23.9867456,23.1024643 C21.4527189,25.7165941 17.8761001,27.3457294 13.9123124,27.3457294 C6.2287542,27.3457294 0,21.2241796 0,13.6728647 C0,6.1215498 6.2287542,0 13.9123124,0 C21.5958707,0 27.8246249,6.1215498 27.8246249,13.6728647 Z\" stroke=\"#FFFFFF\" stroke-width=\"3.14826035\" fill-rule=\"nonzero\"><\/path>\n                                                <line class=\"svg--color\" x1=\"23.9867456\" y1=\"23.1024643\" x2=\"33.5814438\" y2=\"32.5320244\" stroke=\"#FFFFFF\" stroke-width=\"3.14826035\" fill-rule=\"nonzero\"><\/line>\n                                            <\/g>\n                                        <\/g>\n                                    <\/g>\n                                <\/g>\n                            <\/g>\n                        <\/g>\n                    <\/g>\n                <\/svg>\n            <\/a>\n                                        <div class=\"menu js--open-menu\">\n                <span><\/span>\n                <span><\/span>\n            <\/div>\n        <\/div>\n    <\/header>\n    <footer>\n        <div class=\"inner\">\n            <div class=\"footer--left\">\n                <p>O apoio aos projectos seleccionados consiste numa contribui\u00e7\u00e3o financeira acompanhada de <strong>um programa completo e personalizado de forma\u00e7\u00e3o e promo\u00e7\u00e3o.<\/strong><\/p>\n            <\/div>\n            <div class=\"footer--right\">\n                <div class=\"data\">\n                    <div class=\"item\">\n                                                <span>At\u00e9<\/span>\n                        <span>150.000\u20ac<\/span>\n                        <p>Por projeto para o desenvolvimento de um prot\u00f3tipo, piloto, teaser, curta, videoclipe ou outros formatos para fins de demonstra\u00e7\u00e3o.<\/p>\n                    <\/div>\n                    <div class=\"item\">\n                                                <span>TAMB\u00c9M<\/span>\n                        <span><\/span>\n                        <p>Um programa personalizado de forma\u00e7\u00e3o, consultoria, promo\u00e7\u00e3o e participa\u00e7\u00e3o em eventos para os projectos benefici\u00e1rios e os profissionais que os dirigem.<\/p>\n                    <\/div>\n                <\/div>\n            <\/div>\n        <\/div>\n    <\/footer>\n    <div class=\"steps js--steps\">\n        <img decoding=\"async\" src=\"https:\/\/ibermedianext.com\/wp-content\/themes\/ibermedia\/img\/step2.svg\" \/>\n    <\/div>\n<\/div>\n\n\n\n\n\n<div class=\"section section--intro section--intro_continue section--intro_continue-background\">\n    <div class=\"deco\">\n        <img decoding=\"async\" src=\"https:\/\/ibermedianext.com\/wp-content\/themes\/ibermedia\/img\/deco-lines.svg\" \/>\n    <\/div>\n    <header>\n        <div class=\"logo-sm\">\n            <img decoding=\"async\" src=\"https:\/\/ibermedianext.com\/wp-content\/themes\/ibermedia\/img\/logo-ibermedia.svg\" alt=\"Ibermedia Next\">\n        <\/div>\n        <div class=\"controls\">\n            <a href=\"#\" class=\"search js--search\">\n                <span>Pesquisar<\/span>\n                <svg width=\"37px\" height=\"36px\" viewBox=\"0 0 37 36\" version=\"1.1\" xmlns=\"http:\/\/www.w3.org\/2000\/svg\" xmlns:xlink=\"http:\/\/www.w3.org\/1999\/xlink\">\n                    <g id=\"\ud83c\udfa8-Design---UI-\" stroke=\"none\" stroke-width=\"1\" fill=\"none\" fill-rule=\"evenodd\">\n                        <g id=\"01HOME-3\" transform=\"translate(-1007.000000, -59.000000)\">\n                            <g id=\"MENU\" transform=\"translate(0.000000, -7.000000)\">\n                                <g id=\"Buscador\" transform=\"translate(997.743652, 54.673828)\">\n                                    <g id=\"Group-48036\" mask=\"url(#mask-2)\">\n                                        <g transform=\"translate(1.782303, 4.680000)\">\n                                            <circle id=\"Ellipse-1\" fill=\"#FFFFFF\" fill-rule=\"nonzero\" opacity=\"0\" cx=\"24.9338474\" cy=\"24.9338474\" r=\"24.9338474\"><\/circle>\n                                            <g id=\"Ellipse-5\" fill-rule=\"evenodd\" stroke-width=\"1\" fill=\"none\" transform=\"translate(9.388283, 8.669080)\">\n                                                <path class=\"svg--color\" d=\"M27.8246249,13.6728647 C27.8246249,17.3286135 26.3647733,20.6492646 23.9867456,23.1024643 C21.4527189,25.7165941 17.8761001,27.3457294 13.9123124,27.3457294 C6.2287542,27.3457294 0,21.2241796 0,13.6728647 C0,6.1215498 6.2287542,0 13.9123124,0 C21.5958707,0 27.8246249,6.1215498 27.8246249,13.6728647 Z\" stroke=\"#FFFFFF\" stroke-width=\"3.14826035\" fill-rule=\"nonzero\"><\/path>\n                                                <line class=\"svg--color\" x1=\"23.9867456\" y1=\"23.1024643\" x2=\"33.5814438\" y2=\"32.5320244\" stroke=\"#FFFFFF\" stroke-width=\"3.14826035\" fill-rule=\"nonzero\"><\/line>\n                                            <\/g>\n                                        <\/g>\n                                    <\/g>\n                                <\/g>\n                            <\/g>\n                        <\/g>\n                    <\/g>\n                <\/svg>\n            <\/a>\n                                        <div class=\"menu js--open-menu\">\n                <span><\/span>\n                <span><\/span>\n            <\/div>\n        <\/div>\n    <\/header>\n    <footer>\n        <div class=\"inner\">\n            <div class=\"footer--left\"><\/div>\n            <div class=\"footer--right\">\n                <div class=\"data\">\n                    <div class=\"title\"><p>Uma <strong>iniciativa<\/strong> do Programa IBERMEDIA<\/p>\n<\/div>\n                    <div class=\"txt\">\n                        <p><strong>O IBERMEDIA NEXT<\/strong> \u00e9 uma nova modalidade do Programa IBERMEDIA criada para <strong>promover a inova\u00e7\u00e3o e a colabora\u00e7\u00e3o no sector estrat\u00e9gico da anima\u00e7\u00e3o ibero-americana.<\/strong><\/p>\n<p>A convocat\u00f3ria destina-se \u00e0 aplica\u00e7\u00e3o de <strong>novas ferramentas tecnologias no \u00e2mbito da anima\u00e7\u00e3o digital<\/strong> e de conte\u00fados com uma elevada percentagem de anima\u00e7\u00e3o. O IBERMEDIA NEXT \u00e9 financiado com <a href=\"https:\/\/commission.europa.eu\/strategy-and-policy\/recovery-plan-europe_es#financiaci%C3%B3n-del-presupuesto-a-largo-plazo-de-la-ue-y-nextgenerationeu\" target=\"_blank\" rel=\"noopener u0022noopeneru0022\">Fundos Next Generation<\/a> do plano europeu de Recupera\u00e7\u00e3o, Transforma\u00e7\u00e3o e Resili\u00eancia, atrav\u00e9s da componente \u201cEspanha Hub Audiovisual da Europa\u201d.<\/p>\n                    <\/div>\n                                        <a href=\"https:\/\/ibermedianext.com\/pt-pt\/sobre-ibermedia-next\/\" class=\"btn btn--dot\">\n                        <span class=\"dot\"><img decoding=\"async\" src=\"https:\/\/ibermedianext.com\/wp-content\/themes\/ibermedia\/img\/arrow-btn.svg\" \/><\/span>\n                        <span class=\"lbl\">Saber mais<\/span>\n                    <\/a>\n                <\/div>\n            <\/div>\n        <\/div>\n    <\/footer>\n    <div class=\"steps js--steps\">\n        <img decoding=\"async\" src=\"https:\/\/ibermedianext.com\/wp-content\/themes\/ibermedia\/img\/step3.svg\" \/>\n    <\/div>\n<\/div>\n\n","protected":false},"excerpt":{"rendered":"","protected":false},"author":2,"featured_media":0,"parent":0,"menu_order":0,"comment_status":"closed","ping_status":"closed","template":"page-home.php","meta":{"footnotes":""},"class_list":["post-520","page","type-page","status-publish","hentry"],"acf":[],"_links":{"self":[{"href":"https:\/\/ibermedianext.com\/pt-pt\/wp-json\/wp\/v2\/pages\/520","targetHints":{"allow":["GET"]}}],"collection":[{"href":"https:\/\/ibermedianext.com\/pt-pt\/wp-json\/wp\/v2\/pages"}],"about":[{"href":"https:\/\/ibermedianext.com\/pt-pt\/wp-json\/wp\/v2\/types\/page"}],"author":[{"embeddable":true,"href":"https:\/\/ibermedianext.com\/pt-pt\/wp-json\/wp\/v2\/users\/2"}],"replies":[{"embeddable":true,"href":"https:\/\/ibermedianext.com\/pt-pt\/wp-json\/wp\/v2\/comments?post=520"}],"version-history":[{"count":50,"href":"https:\/\/ibermedianext.com\/pt-pt\/wp-json\/wp\/v2\/pages\/520\/revisions"}],"predecessor-version":[{"id":4320,"href":"https:\/\/ibermedianext.com\/pt-pt\/wp-json\/wp\/v2\/pages\/520\/revisions\/4320"}],"wp:attachment":[{"href":"https:\/\/ibermedianext.com\/pt-pt\/wp-json\/wp\/v2\/media?parent=520"}],"curies":[{"name":"wp","href":"https:\/\/api.w.org\/{rel}","templated":true}]}}