{"id":1015,"date":"2023-06-12T12:48:08","date_gmt":"2023-06-12T10:48:08","guid":{"rendered":"https:\/\/ibermedianext.com\/formacion\/"},"modified":"2024-09-16T18:53:18","modified_gmt":"2024-09-16T16:53:18","slug":"formazione","status":"publish","type":"page","link":"https:\/\/ibermedianext.com\/it\/formazione\/","title":{"rendered":"Formazione"},"content":{"rendered":"\n    <div class=\"module--form-intro\">\n        <div class=\"inner\">\n            <div class=\"container--fx\">\n                <div class=\"column\">\n                    <span class=\"title\">I progetti selezionati beneficeranno di un programma completo di promozione e consulenza.<\/span>\n                    <div class=\"info\">\n                        <p>Ogni progetto avr\u00e0 un <strong>programma di formazione personalizzato<\/strong> che comprender\u00e0 masterclass e tutorial online, oltre a consulenze faccia a faccia negli eventi che compongono La Liga de la Animaci\u00f3n Iberoamericana. Il nostro team di <strong>consulenti<\/strong> altamente qualificati sar\u00e0 selezionato in base alle reali esigenze dei progetti scelti.<\/p>\n                    <\/div>\n                <\/div>\n                <div class=\"column\">\n                                                                                                                            <img decoding=\"async\" src=\"https:\/\/ibermedianext.com\/wp-content\/uploads\/2024\/06\/Foto-Formaci\u00a2n-1-scaled.jpg\" >\n                                                            <img decoding=\"async\" src=\"https:\/\/ibermedianext.com\/wp-content\/uploads\/2024\/06\/foto-formacion-2-1.jpg\" >\n                                                                                        <\/div>\n            <\/div>\n        <\/div>\n    <\/div>\n\n\n\n    <div class=\"module--team\">\n        <div class=\"inner\">\n            <span class=\"title\">Comitato di valutazione e consulenza 2024<\/span>\n            <div class=\"intro\">\n                Conosci il team di professionisti incaricato della conduzione della valutazione del Bando e della guida nello sviluppo di ciascun progetto beneficiario.            <\/div>\n\n            <div class=\"cards--team\">\n                                                            <div class=\"card\">\n                            <div class=\"card--header\">\n                                <span class=\"card--name\">\u00c1lvaro Ceppi<\/span>\n                                <span class=\"card--info\"><\/span>\n                            <\/div>\n                            <div class=\"card--content\">\n                                <div class=\"container\">\n                                    <p>Direttore della Scuola di Cinema e Produzione dell&#8217;Universidad Diego Portales di Santiago del Cile. Fondatore di Zumb\u00e1stico Studios, Ceppi \u00e8 il creatore e showrunner di varie serie animate, tra cui Puerto Papel e Zumb\u00e1stico Fant\u00e1stico, la prima serie cilena ad essere distribuita da Cartoon Network.<\/p>\n<p>Dal 2002 ha sviluppato e co-prodotto progetti con The Walt Disney Company, Discovery Kids, Globo, Pakapaka, Se\u00f1al Colombia, NatGeo e TVN.<\/p>\n                                <\/div>\n                                <div class=\"options\">\n                                    <div class=\"lk\">\n                                                                                    <a href=\"https:\/\/www.linkedin.com\/in\/alvaro-ceppi\/?originalSubdomain=cl\" target=\"_blank\"><img decoding=\"async\" src=\"https:\/\/ibermedianext.com\/wp-content\/themes\/ibermedia\/img\/icon-linkedin-pink.svg\" alt=\"Linkedin\"><\/a>\n                                                                            <\/div>\n                                    <div class=\"cta\">\n                                                                            <\/div>\n                                <\/div>\n                            <\/div>\n                            <div class=\"card--image\">\n                                <img decoding=\"async\" src=\"https:\/\/ibermedianext.com\/wp-content\/uploads\/2024\/09\/A\u0301lvaro-Ceppi.jpg\" alt=\"\u00c1lvaro Ceppi\">\n                                <div class=\"icon\">\n                                    <img decoding=\"async\" src=\"https:\/\/ibermedianext.com\/wp-content\/themes\/ibermedia\/img\/icon-more-formacion.svg\" \/>\n                                <\/div>\n                            <\/div>\n                        <\/div>\n                                            <div class=\"card\">\n                            <div class=\"card--header\">\n                                <span class=\"card--name\">Daniel Mart\u00ednez Lara<\/span>\n                                <span class=\"card--info\"><\/span>\n                            <\/div>\n                            <div class=\"card--content\">\n                                <div class=\"container\">\n                                    <p>Svolge la sua attivit\u00e0 professionale in tre aree che convergono tra loro. L&#8217;insegnamento, presso il suo istituto Pepe School Land. La creazione e la produzione dei propri cortometraggi mediante la progettazione e lo sviluppo di strumenti di animazione come Blender, Grease, Pencil, Claymation e EasyRigging.<\/p>\n<p>Ha lavorato con case cinematografiche come Ilion Animation Studios, Pyro Studios, REM Infogr\u00e1fica o Furia Digital. Nel 2016 ha vinto il premio Goya per il miglior cortometraggio d&#8217;animazione con Alike.<\/p>\n                                <\/div>\n                                <div class=\"options\">\n                                    <div class=\"lk\">\n                                                                                    <a href=\"https:\/\/www.linkedin.com\/in\/daniel-mart%C3%ADnez-lara-3b74a937\/\" target=\"_blank\"><img decoding=\"async\" src=\"https:\/\/ibermedianext.com\/wp-content\/themes\/ibermedia\/img\/icon-linkedin-pink.svg\" alt=\"Linkedin\"><\/a>\n                                                                            <\/div>\n                                    <div class=\"cta\">\n                                                                            <\/div>\n                                <\/div>\n                            <\/div>\n                            <div class=\"card--image\">\n                                <img decoding=\"async\" src=\"https:\/\/ibermedianext.com\/wp-content\/uploads\/2024\/09\/Daniel-Martinez-Lara.jpg\" alt=\"Daniel Mart\u00ednez Lara\">\n                                <div class=\"icon\">\n                                    <img decoding=\"async\" src=\"https:\/\/ibermedianext.com\/wp-content\/themes\/ibermedia\/img\/icon-more-formacion.svg\" \/>\n                                <\/div>\n                            <\/div>\n                        <\/div>\n                                            <div class=\"card\">\n                            <div class=\"card--header\">\n                                <span class=\"card--name\">Andr\u00e9s Lieban<\/span>\n                                <span class=\"card--info\"><\/span>\n                            <\/div>\n                            <div class=\"card--content\">\n                                <div class=\"container\">\n                                    <p>Regista e consulente di film di animazione, lavora nel settore da pi\u00f9 di 30 anni. I suoi cortometraggi e le sue serie sono stati premiati al Chicago Festival, nonch\u00e9 ad Anima Mundi, Divercine e Chilemonos, tra gli altri. \u00c8 il leader del Nucleo Creativo 2DLAB, da dove presta consulenza per progetti di animazione.<\/p>\n<p>Nel 2020 ha presentato in anteprima nelle sale brasiliane il lungometraggio Meu Amigazazo &#8211; La Pel\u00edcula e nel 2023 la serie O Hotel Silvestre de Ana Flor, in tutta America Latina.<\/p>\n                                <\/div>\n                                <div class=\"options\">\n                                    <div class=\"lk\">\n                                                                                    <a href=\"https:\/\/www.linkedin.com\/in\/andreslieban\/\" target=\"_blank\"><img decoding=\"async\" src=\"https:\/\/ibermedianext.com\/wp-content\/themes\/ibermedia\/img\/icon-linkedin-pink.svg\" alt=\"Linkedin\"><\/a>\n                                                                            <\/div>\n                                    <div class=\"cta\">\n                                                                            <\/div>\n                                <\/div>\n                            <\/div>\n                            <div class=\"card--image\">\n                                <img decoding=\"async\" src=\"https:\/\/ibermedianext.com\/wp-content\/uploads\/2024\/09\/Andre\u0301s-Lieban-scaled.jpg\" alt=\"Andr\u00e9s Lieban\">\n                                <div class=\"icon\">\n                                    <img decoding=\"async\" src=\"https:\/\/ibermedianext.com\/wp-content\/themes\/ibermedia\/img\/icon-more-formacion.svg\" \/>\n                                <\/div>\n                            <\/div>\n                        <\/div>\n                                            <div class=\"card\">\n                            <div class=\"card--header\">\n                                <span class=\"card--name\">Mar\u00eda Laura Ruggeiro<\/span>\n                                <span class=\"card--info\"><\/span>\n                            <\/div>\n                            <div class=\"card--content\">\n                                <div class=\"container\">\n                                    <p>Cineasta, image e sound designer nonch\u00e9 storyteller specializzata in narrazioni esperienziali e transmediali. Relatrice internazionale e docente nei settori dell&#8217;innovazione narrativo-tecnologica. Ruggeiro dirige SeirenFilms, una societ\u00e0 dedita al design narrativo nei media emergenti ed \u00e8 la creatrice di #StoryHackers, dove guida gruppi di professionisti nell&#8217;esplorazione delle narrazioni immersive e interattive.<\/p>\n                                <\/div>\n                                <div class=\"options\">\n                                    <div class=\"lk\">\n                                                                                    <a href=\"https:\/\/www.linkedin.com\/in\/marialauraruggiero\/\" target=\"_blank\"><img decoding=\"async\" src=\"https:\/\/ibermedianext.com\/wp-content\/themes\/ibermedia\/img\/icon-linkedin-pink.svg\" alt=\"Linkedin\"><\/a>\n                                                                            <\/div>\n                                    <div class=\"cta\">\n                                                                            <\/div>\n                                <\/div>\n                            <\/div>\n                            <div class=\"card--image\">\n                                <img decoding=\"async\" src=\"https:\/\/ibermedianext.com\/wp-content\/uploads\/2024\/09\/Mari\u0301a-Laura-Ruggiero.jpg\" alt=\"Mar\u00eda Laura Ruggeiro\">\n                                <div class=\"icon\">\n                                    <img decoding=\"async\" src=\"https:\/\/ibermedianext.com\/wp-content\/themes\/ibermedia\/img\/icon-more-formacion.svg\" \/>\n                                <\/div>\n                            <\/div>\n                        <\/div>\n                                            <div class=\"card\">\n                            <div class=\"card--header\">\n                                <span class=\"card--name\">Lourdes Villag\u00f3mez<\/span>\n                                <span class=\"card--info\"><\/span>\n                            <\/div>\n                            <div class=\"card--content\">\n                                <div class=\"container\">\n                                    <p>Produttrice, regista, insegnante e curatrice museale con sede a Madrid. Laureata in Comunicazione Sociale presso l&#8217;Universidad Aut\u00f3noma Metropolitana (CDMX) e in Animazione sperimentale presso il California Institute of the Arts.<\/p>\n<p>Vanta oltre 30 anni di esperienza in diversi settori in progetti di animazione 2D, stop motion, progetti 3D e VFX e, pi\u00f9 recentemente, in lungometraggi per Disney, Netflix e Warner Bros.<\/p>\n                                <\/div>\n                                <div class=\"options\">\n                                    <div class=\"lk\">\n                                                                                    <a href=\"https:\/\/es.linkedin.com\/in\/lourdesvillagomezoviedo\" target=\"_blank\"><img decoding=\"async\" src=\"https:\/\/ibermedianext.com\/wp-content\/themes\/ibermedia\/img\/icon-linkedin-pink.svg\" alt=\"Linkedin\"><\/a>\n                                                                            <\/div>\n                                    <div class=\"cta\">\n                                                                            <\/div>\n                                <\/div>\n                            <\/div>\n                            <div class=\"card--image\">\n                                <img decoding=\"async\" src=\"https:\/\/ibermedianext.com\/wp-content\/uploads\/2024\/09\/Lourdes-Villago\u0301mez.jpg\" alt=\"Lourdes Villag\u00f3mez\">\n                                <div class=\"icon\">\n                                    <img decoding=\"async\" src=\"https:\/\/ibermedianext.com\/wp-content\/themes\/ibermedia\/img\/icon-more-formacion.svg\" \/>\n                                <\/div>\n                            <\/div>\n                        <\/div>\n                                                <\/div>\n        <\/div>\n    <\/div>\n\n\n\n    <div class=\"module--newsletter\">\n        <div class=\"inner\">\n            <div class=\"container\">\n                <div class=\"column\">\n                    <span class=\"title\">Newsletter<\/span>\n                    <div class=\"intro\">\n                        <p><span class=\" author-d-1gg9uz65z1iz85zgdz68zmqkz84zo2qowz80ziz68zz69zz75zsz90z6z84zz65z5s1a8c1wkz76zz70zz67zez80zuz77zz73zonz81zz85z\">Iscriviti alla nostra newsletter, in <\/span><span class=\" author-d-1gg9uz65z1iz85zgdz68zmqkz84zo2qowz80ziz68zz69zz75zsz90z6z84zz65z5s1a8c1wkz76zz70zz67zez80zuz77zz73zonz81zz85z\"><b>spagnolo, portoghese e italiano<\/b><\/span><span class=\" author-d-1gg9uz65z1iz85zgdz68zmqkz84zo2qowz80ziz68zz69zz75zsz90z6z84zz65z5s1a8c1wkz76zz70zz67zez80zuz77zz73zonz81zz85z\">, per tenerti aggiornato su tutte le novit\u00e0 di IBERMEDIA NEXT.<\/span><\/p>\n                    <\/div>\n                <\/div>\n                <div class=\"column\">\n                    <div class=\"form\">\n                        \n<div class=\"wpcf7 no-js\" id=\"wpcf7-f958-o1\" lang=\"it-IT\" dir=\"ltr\">\n<div class=\"screen-reader-response\"><p role=\"status\" aria-live=\"polite\" aria-atomic=\"true\"><\/p> <ul><\/ul><\/div>\n<form action=\"\/it\/wp-json\/wp\/v2\/pages\/1015#wpcf7-f958-o1\" method=\"post\" class=\"wpcf7-form init\" aria-label=\"Modulo di contatto\" novalidate=\"novalidate\" data-status=\"init\">\n<div style=\"display: none;\">\n<input type=\"hidden\" name=\"_wpcf7\" value=\"958\" \/>\n<input type=\"hidden\" name=\"_wpcf7_version\" value=\"5.9.5\" \/>\n<input type=\"hidden\" name=\"_wpcf7_locale\" value=\"it_IT\" \/>\n<input type=\"hidden\" name=\"_wpcf7_unit_tag\" value=\"wpcf7-f958-o1\" \/>\n<input type=\"hidden\" name=\"_wpcf7_container_post\" value=\"0\" \/>\n<input type=\"hidden\" name=\"_wpcf7_posted_data_hash\" value=\"\" \/>\n<input type=\"hidden\" name=\"_wpcf7_recaptcha_response\" value=\"\" \/>\n<\/div>\n<div class=\"field\">\n\t<p><span class=\"wpcf7-form-control-wrap\" data-name=\"nws-name\"><input size=\"40\" class=\"wpcf7-form-control wpcf7-text wpcf7-validates-as-required\" aria-required=\"true\" aria-invalid=\"false\" placeholder=\"Nome\" value=\"\" type=\"text\" name=\"nws-name\" \/><\/span>\n\t<\/p>\n<\/div>\n<div class=\"field\">\n\t<p><span class=\"wpcf7-form-control-wrap\" data-name=\"nws-email\"><input size=\"40\" class=\"wpcf7-form-control wpcf7-email wpcf7-validates-as-required wpcf7-text wpcf7-validates-as-email\" aria-required=\"true\" aria-invalid=\"false\" placeholder=\"E-mail\" value=\"\" type=\"email\" name=\"nws-email\" \/><\/span>\n\t<\/p>\n<\/div>\n<div class=\"field\">\n\t<div class=\"container--select\">\n\t\t<p><img decoding=\"async\" class=\"icon\" src=\"https:\/\/ibermedianext.com\/wp-content\/themes\/ibermedia\/img\/icon-select.svg\" \/><span class=\"wpcf7-form-control-wrap\" data-name=\"nws-language\"><select class=\"wpcf7-form-control wpcf7-select wpcf7-validates-as-required\" aria-required=\"true\" aria-invalid=\"false\" name=\"nws-language\"><option value=\"Italiano\">Italiano<\/option><option value=\"Spagnolo\">Spagnolo<\/option><option value=\"Portoghese\">Portoghese<\/option><\/select><\/span>\n\t\t<\/p>\n\t<\/div>\n<\/div>\n<div class=\"field field--chk\">\n\t<p><span class=\"wpcf7-form-control-wrap\" data-name=\"nwslegal\"><span class=\"wpcf7-form-control wpcf7-acceptance\"><span class=\"wpcf7-list-item\"><input type=\"checkbox\" name=\"nwslegal\" value=\"1\" id=\"nwslegal\" aria-invalid=\"false\" \/><\/span><\/span><\/span><label for=\"nwslegal\"><span>Conferma <a href=\"https:\/\/ibermedianext.com\/politica-de-privacidad\/\" target=\"_blank\">l&#8217;informativa sulla privacy<\/a><\/span><\/label>\n\t<\/p>\n<\/div>\n<div class=\"field field--submit\">\n\t<div class=\"container--btn\">\n\t\t<p><a href=\"#\" class=\"btn btn--dot js--submit-cf7\"><span class=\"dot\"><img decoding=\"async\" src=\"https:\/\/ibermedianext.com\/wp-content\/themes\/ibermedia\/img\/arrow-btn.svg\" \/><\/span><span class=\"lbl\">Abbonati<\/span><\/a>\n\t\t<\/p>\n\t<\/div>\n<\/div>\n<div style=\"display:none\">\n\t<p><!-- Mailchimp for WordPress v4.9.13 - https:\/\/www.mc4wp.com\/ --><input type=\"hidden\" name=\"_mc4wp_subscribe_contact-form-7\" value=\"0\" \/><span class=\"mc4wp-checkbox mc4wp-checkbox-contact-form-7 \" ><label><input type=\"checkbox\" name=\"_mc4wp_subscribe_contact-form-7\" value=\"1\" checked=\"checked\"  \/><span>\u00a1Suscr\u00edbeme a la lista de correo!<\/span><\/label><\/span><!-- \/ Mailchimp for WordPress -->\n\t<\/p>\n<\/div><div class=\"wpcf7-response-output\" aria-hidden=\"true\"><\/div>\n<\/form>\n<\/div>\n                    <\/div>\n                <\/div>\n            <\/div>\n        <\/div>\n    <\/div>\n","protected":false},"excerpt":{"rendered":"","protected":false},"author":2,"featured_media":0,"parent":0,"menu_order":0,"comment_status":"closed","ping_status":"closed","template":"page-training.php","meta":{"footnotes":""},"class_list":["post-1015","page","type-page","status-publish","hentry"],"acf":[],"_links":{"self":[{"href":"https:\/\/ibermedianext.com\/it\/wp-json\/wp\/v2\/pages\/1015","targetHints":{"allow":["GET"]}}],"collection":[{"href":"https:\/\/ibermedianext.com\/it\/wp-json\/wp\/v2\/pages"}],"about":[{"href":"https:\/\/ibermedianext.com\/it\/wp-json\/wp\/v2\/types\/page"}],"author":[{"embeddable":true,"href":"https:\/\/ibermedianext.com\/it\/wp-json\/wp\/v2\/users\/2"}],"replies":[{"embeddable":true,"href":"https:\/\/ibermedianext.com\/it\/wp-json\/wp\/v2\/comments?post=1015"}],"version-history":[{"count":46,"href":"https:\/\/ibermedianext.com\/it\/wp-json\/wp\/v2\/pages\/1015\/revisions"}],"predecessor-version":[{"id":3733,"href":"https:\/\/ibermedianext.com\/it\/wp-json\/wp\/v2\/pages\/1015\/revisions\/3733"}],"wp:attachment":[{"href":"https:\/\/ibermedianext.com\/it\/wp-json\/wp\/v2\/media?parent=1015"}],"curies":[{"name":"wp","href":"https:\/\/api.w.org\/{rel}","templated":true}]}}